{"id":156,"date":"2026-02-26T12:03:22","date_gmt":"2026-02-26T11:03:22","guid":{"rendered":"https:\/\/boutique.editions-mandron.com\/?post_type=product&#038;p=156"},"modified":"2026-03-07T13:35:50","modified_gmt":"2026-03-07T12:35:50","slug":"jesus-mon-ami-je-lui-parle-il-me-parle","status":"publish","type":"product","link":"https:\/\/boutique.editions-mandron.com\/index.php\/produit\/jesus-mon-ami-je-lui-parle-il-me-parle\/","title":{"rendered":"J\u00e9sus, mon Ami ; je Lui parle, Il me parle"},"content":{"rendered":"<p><strong><em>Equipe participante \u00e0 la cr\u00e9ation du second livre-activit\u00e9s de la Collection Jeunesse qui vient de para\u00eetre en f\u00e9vrier 2026 :<\/em><\/strong><\/p>\n<p><strong><em>\u00a0. Les Editions Conseils Mandron, Maison d\u2019\u00e9dition chr\u00e9tienne<\/em><\/strong><\/p>\n<p><strong><em>. Marie Kervizic : Illustrations et maquette<\/em><\/strong><\/p>\n<p><strong><em>. P\u00e8re Michel Baute, pr\u00eatre Chapelain au Sanctuaire Notre-Dame de Lourdes : Texte et Pr\u00e9face<\/em><\/strong><\/p>\n<p><strong><em>\u00a0<\/em><\/strong><\/p>\n<p>Ce petit livret, beau et original, contient une base de connaissances de la foi catholique, illustr\u00e9 par des dessins et des activit\u00e9s ludiques, d\u00e8s l\u2019\u00e2ge de 3 ans jusqu\u2019\u00e0 10 ans.<\/p>\n<p>C\u2019est un support de pri\u00e8re et de r\u00e9flexion, avec des rep\u00e8res color\u00e9s, avec des mots simples et compr\u00e9hensibles pour les enfants, facilitant l\u2019accompagnement des adultes.<\/p>\n<p>Les sujets abord\u00e9s comprennent des th\u00e8mes autour de la famille de J\u00e9sus, avec une place importante pour la pri\u00e8re. Ce livre est une base essentielle pour la vie pratique chr\u00e9tienne des enfants, chaque jour, tout le long de l\u2019ann\u00e9e liturgique, en famille, en cat\u00e9ch\u00e8se\u2026<\/p>\n<p>Ce livre multi-activit\u00e9s (Histoire et cat\u00e9ch\u00e8se, Paroles et pri\u00e8res, Jeux et coloriages) est le \u00ab\u00a0petit fr\u00e8re\u00a0\u00bb du livre du P\u00e8re Michel Baute : \u00ab\u00a0Mon Guide de Vie Chr\u00e9tienne et de Pri\u00e8res\u00a0\u00bb, un best-seller depuis 2017, avec une nouvelle \u00e9dition enrichie et augment\u00e9e en 2024.<\/p>\n","protected":false},"excerpt":{"rendered":"<p>Equipe participante \u00e0 la cr\u00e9ation du second livre-activit\u00e9s de la Collection Jeunesse qui vient de para\u00eetre en f\u00e9vrier 2026 : \u00a0. Les Editions Conseils Mandron, Maison d\u2019\u00e9dition chr\u00e9tienne . Marie Kervizic : Illustrations et maquette . P\u00e8re Michel Baute, pr\u00eatre Chapelain au Sanctuaire Notre-Dame de Lourdes : Texte et Pr\u00e9face \u00a0 Ce petit livret, beau [&hellip;]<\/p>\n","protected":false},"featured_media":157,"template":"","meta":{"ocean_post_layout":"","ocean_both_sidebars_style":"","ocean_both_sidebars_content_width":0,"ocean_both_sidebars_sidebars_width":0,"ocean_sidebar":"0","ocean_second_sidebar":"0","ocean_disable_margins":"enable","ocean_add_body_class":"","ocean_shortcode_before_top_bar":"","ocean_shortcode_after_top_bar":"","ocean_shortcode_before_header":"","ocean_shortcode_after_header":"","ocean_has_shortcode":"","ocean_shortcode_after_title":"","ocean_shortcode_before_footer_widgets":"","ocean_shortcode_after_footer_widgets":"","ocean_shortcode_before_footer_bottom":"","ocean_shortcode_after_footer_bottom":"","ocean_display_top_bar":"default","ocean_display_header":"default","ocean_header_style":"","ocean_center_header_left_menu":"0","ocean_custom_header_template":"0","ocean_custom_logo":0,"ocean_custom_retina_logo":0,"ocean_custom_logo_max_width":0,"ocean_custom_logo_tablet_max_width":0,"ocean_custom_logo_mobile_max_width":0,"ocean_custom_logo_max_height":0,"ocean_custom_logo_tablet_max_height":0,"ocean_custom_logo_mobile_max_height":0,"ocean_header_custom_menu":"0","ocean_menu_typo_font_family":"0","ocean_menu_typo_font_subset":"","ocean_menu_typo_font_size":0,"ocean_menu_typo_font_size_tablet":0,"ocean_menu_typo_font_size_mobile":0,"ocean_menu_typo_font_size_unit":"px","ocean_menu_typo_font_weight":"","ocean_menu_typo_font_weight_tablet":"","ocean_menu_typo_font_weight_mobile":"","ocean_menu_typo_transform":"","ocean_menu_typo_transform_tablet":"","ocean_menu_typo_transform_mobile":"","ocean_menu_typo_line_height":0,"ocean_menu_typo_line_height_tablet":0,"ocean_menu_typo_line_height_mobile":0,"ocean_menu_typo_line_height_unit":"","ocean_menu_typo_spacing":0,"ocean_menu_typo_spacing_tablet":0,"ocean_menu_typo_spacing_mobile":0,"ocean_menu_typo_spacing_unit":"","ocean_menu_link_color":"","ocean_menu_link_color_hover":"","ocean_menu_link_color_active":"","ocean_menu_link_background":"","ocean_menu_link_hover_background":"","ocean_menu_link_active_background":"","ocean_menu_social_links_bg":"","ocean_menu_social_hover_links_bg":"","ocean_menu_social_links_color":"","ocean_menu_social_hover_links_color":"","ocean_disable_title":"default","ocean_disable_heading":"default","ocean_post_title":"","ocean_post_subheading":"","ocean_post_title_style":"","ocean_post_title_background_color":"","ocean_post_title_background":0,"ocean_post_title_bg_image_position":"","ocean_post_title_bg_image_attachment":"","ocean_post_title_bg_image_repeat":"","ocean_post_title_bg_image_size":"","ocean_post_title_height":0,"ocean_post_title_bg_overlay":0.5,"ocean_post_title_bg_overlay_color":"","ocean_disable_breadcrumbs":"default","ocean_breadcrumbs_color":"","ocean_breadcrumbs_separator_color":"","ocean_breadcrumbs_links_color":"","ocean_breadcrumbs_links_hover_color":"","ocean_display_footer_widgets":"default","ocean_display_footer_bottom":"default","ocean_custom_footer_template":"0"},"product_brand":[],"product_cat":[31,27],"product_tag":[],"class_list":{"0":"post-156","1":"product","2":"type-product","3":"status-publish","4":"has-post-thumbnail","6":"product_cat-editions-conseils-mandron","7":"product_cat-jeunesse","9":"entry","10":"has-media","12":"first","13":"instock","14":"taxable","15":"shipping-taxable","16":"purchasable","17":"product-type-simple","18":"has-product-nav","19":"col","20":"span_1_of_4","21":"owp-content-center","22":"owp-thumbs-layout-horizontal","23":"owp-btn-normal","24":"owp-tabs-layout-horizontal","25":"has-no-thumbnails"},"yoast_head":"<!-- This site is optimized with the Yoast SEO plugin v27.3 - https:\/\/yoast.com\/product\/yoast-seo-wordpress\/ -->\n<title>J\u00e9sus, mon Ami ; je Lui parle, Il me parle - EDITIONS CONSEILS MANDRON<\/title>\n<meta name=\"robots\" content=\"index, follow, max-snippet:-1, max-image-preview:large, max-video-preview:-1\" \/>\n<link rel=\"canonical\" href=\"https:\/\/boutique.editions-mandron.com\/index.php\/produit\/jesus-mon-ami-je-lui-parle-il-me-parle\/\" \/>\n<meta property=\"og:locale\" content=\"fr_FR\" \/>\n<meta property=\"og:type\" content=\"article\" \/>\n<meta property=\"og:title\" content=\"J\u00e9sus, mon Ami ; je Lui parle, Il me parle - EDITIONS CONSEILS MANDRON\" \/>\n<meta property=\"og:description\" content=\"Equipe participante \u00e0 la cr\u00e9ation du second livre-activit\u00e9s de la Collection Jeunesse qui vient de para\u00eetre en f\u00e9vrier 2026 : \u00a0. Les Editions Conseils Mandron, Maison d\u2019\u00e9dition chr\u00e9tienne . Marie Kervizic : Illustrations et maquette . P\u00e8re Michel Baute, pr\u00eatre Chapelain au Sanctuaire Notre-Dame de Lourdes : Texte et Pr\u00e9face \u00a0 Ce petit livret, beau [&hellip;]\" \/>\n<meta property=\"og:url\" content=\"https:\/\/boutique.editions-mandron.com\/index.php\/produit\/jesus-mon-ami-je-lui-parle-il-me-parle\/\" \/>\n<meta property=\"og:site_name\" content=\"EDITIONS CONSEILS MANDRON\" \/>\n<meta property=\"article:modified_time\" content=\"2026-03-07T12:35:50+00:00\" \/>\n<meta property=\"og:image\" content=\"https:\/\/boutique.editions-mandron.com\/wp-content\/uploads\/2026\/02\/Jesus-Couverture-scaled.jpg\" \/>\n\t<meta property=\"og:image:width\" content=\"2316\" \/>\n\t<meta property=\"og:image:height\" content=\"2560\" \/>\n\t<meta property=\"og:image:type\" content=\"image\/jpeg\" \/>\n<meta name=\"twitter:card\" content=\"summary_large_image\" \/>\n<meta name=\"twitter:label1\" content=\"Dur\u00e9e de lecture estim\u00e9e\" \/>\n\t<meta name=\"twitter:data1\" content=\"2 minutes\" \/>\n<script type=\"application\/ld+json\" class=\"yoast-schema-graph\">{\"@context\":\"https:\\\/\\\/schema.org\",\"@graph\":[{\"@type\":\"WebPage\",\"@id\":\"https:\\\/\\\/boutique.editions-mandron.com\\\/index.php\\\/produit\\\/jesus-mon-ami-je-lui-parle-il-me-parle\\\/\",\"url\":\"https:\\\/\\\/boutique.editions-mandron.com\\\/index.php\\\/produit\\\/jesus-mon-ami-je-lui-parle-il-me-parle\\\/\",\"name\":\"J\u00e9sus, mon Ami ; je Lui parle, Il me parle - EDITIONS CONSEILS MANDRON\",\"isPartOf\":{\"@id\":\"https:\\\/\\\/boutique.editions-mandron.com\\\/#website\"},\"primaryImageOfPage\":{\"@id\":\"https:\\\/\\\/boutique.editions-mandron.com\\\/index.php\\\/produit\\\/jesus-mon-ami-je-lui-parle-il-me-parle\\\/#primaryimage\"},\"image\":{\"@id\":\"https:\\\/\\\/boutique.editions-mandron.com\\\/index.php\\\/produit\\\/jesus-mon-ami-je-lui-parle-il-me-parle\\\/#primaryimage\"},\"thumbnailUrl\":\"https:\\\/\\\/boutique.editions-mandron.com\\\/wp-content\\\/uploads\\\/2026\\\/02\\\/Jesus-Couverture-scaled.jpg\",\"datePublished\":\"2026-02-26T11:03:22+00:00\",\"dateModified\":\"2026-03-07T12:35:50+00:00\",\"breadcrumb\":{\"@id\":\"https:\\\/\\\/boutique.editions-mandron.com\\\/index.php\\\/produit\\\/jesus-mon-ami-je-lui-parle-il-me-parle\\\/#breadcrumb\"},\"inLanguage\":\"fr-FR\",\"potentialAction\":[{\"@type\":\"ReadAction\",\"target\":[\"https:\\\/\\\/boutique.editions-mandron.com\\\/index.php\\\/produit\\\/jesus-mon-ami-je-lui-parle-il-me-parle\\\/\"]}]},{\"@type\":\"ImageObject\",\"inLanguage\":\"fr-FR\",\"@id\":\"https:\\\/\\\/boutique.editions-mandron.com\\\/index.php\\\/produit\\\/jesus-mon-ami-je-lui-parle-il-me-parle\\\/#primaryimage\",\"url\":\"https:\\\/\\\/boutique.editions-mandron.com\\\/wp-content\\\/uploads\\\/2026\\\/02\\\/Jesus-Couverture-scaled.jpg\",\"contentUrl\":\"https:\\\/\\\/boutique.editions-mandron.com\\\/wp-content\\\/uploads\\\/2026\\\/02\\\/Jesus-Couverture-scaled.jpg\",\"width\":2316,\"height\":2560},{\"@type\":\"BreadcrumbList\",\"@id\":\"https:\\\/\\\/boutique.editions-mandron.com\\\/index.php\\\/produit\\\/jesus-mon-ami-je-lui-parle-il-me-parle\\\/#breadcrumb\",\"itemListElement\":[{\"@type\":\"ListItem\",\"position\":1,\"name\":\"Accueil\",\"item\":\"https:\\\/\\\/boutique.editions-mandron.com\\\/\"},{\"@type\":\"ListItem\",\"position\":2,\"name\":\"Boutique\",\"item\":\"https:\\\/\\\/boutique.editions-mandron.com\\\/\"},{\"@type\":\"ListItem\",\"position\":3,\"name\":\"J\u00e9sus, mon Ami ; je Lui parle, Il me parle\"}]},{\"@type\":\"WebSite\",\"@id\":\"https:\\\/\\\/boutique.editions-mandron.com\\\/#website\",\"url\":\"https:\\\/\\\/boutique.editions-mandron.com\\\/\",\"name\":\"EDITIONS CONSEILS MANDRON\",\"description\":\"Boutique en ligne\",\"potentialAction\":[{\"@type\":\"SearchAction\",\"target\":{\"@type\":\"EntryPoint\",\"urlTemplate\":\"https:\\\/\\\/boutique.editions-mandron.com\\\/?s={search_term_string}\"},\"query-input\":{\"@type\":\"PropertyValueSpecification\",\"valueRequired\":true,\"valueName\":\"search_term_string\"}}],\"inLanguage\":\"fr-FR\"}]}<\/script>\n<!-- \/ Yoast SEO plugin. -->","yoast_head_json":{"title":"J\u00e9sus, mon Ami ; je Lui parle, Il me parle - EDITIONS CONSEILS MANDRON","robots":{"index":"index","follow":"follow","max-snippet":"max-snippet:-1","max-image-preview":"max-image-preview:large","max-video-preview":"max-video-preview:-1"},"canonical":"https:\/\/boutique.editions-mandron.com\/index.php\/produit\/jesus-mon-ami-je-lui-parle-il-me-parle\/","og_locale":"fr_FR","og_type":"article","og_title":"J\u00e9sus, mon Ami ; je Lui parle, Il me parle - EDITIONS CONSEILS MANDRON","og_description":"Equipe participante \u00e0 la cr\u00e9ation du second livre-activit\u00e9s de la Collection Jeunesse qui vient de para\u00eetre en f\u00e9vrier 2026 : \u00a0. Les Editions Conseils Mandron, Maison d\u2019\u00e9dition chr\u00e9tienne . Marie Kervizic : Illustrations et maquette . P\u00e8re Michel Baute, pr\u00eatre Chapelain au Sanctuaire Notre-Dame de Lourdes : Texte et Pr\u00e9face \u00a0 Ce petit livret, beau [&hellip;]","og_url":"https:\/\/boutique.editions-mandron.com\/index.php\/produit\/jesus-mon-ami-je-lui-parle-il-me-parle\/","og_site_name":"EDITIONS CONSEILS MANDRON","article_modified_time":"2026-03-07T12:35:50+00:00","og_image":[{"width":2316,"height":2560,"url":"https:\/\/boutique.editions-mandron.com\/wp-content\/uploads\/2026\/02\/Jesus-Couverture-scaled.jpg","type":"image\/jpeg"}],"twitter_card":"summary_large_image","twitter_misc":{"Dur\u00e9e de lecture estim\u00e9e":"2 minutes"},"schema":{"@context":"https:\/\/schema.org","@graph":[{"@type":"WebPage","@id":"https:\/\/boutique.editions-mandron.com\/index.php\/produit\/jesus-mon-ami-je-lui-parle-il-me-parle\/","url":"https:\/\/boutique.editions-mandron.com\/index.php\/produit\/jesus-mon-ami-je-lui-parle-il-me-parle\/","name":"J\u00e9sus, mon Ami ; je Lui parle, Il me parle - EDITIONS CONSEILS MANDRON","isPartOf":{"@id":"https:\/\/boutique.editions-mandron.com\/#website"},"primaryImageOfPage":{"@id":"https:\/\/boutique.editions-mandron.com\/index.php\/produit\/jesus-mon-ami-je-lui-parle-il-me-parle\/#primaryimage"},"image":{"@id":"https:\/\/boutique.editions-mandron.com\/index.php\/produit\/jesus-mon-ami-je-lui-parle-il-me-parle\/#primaryimage"},"thumbnailUrl":"https:\/\/boutique.editions-mandron.com\/wp-content\/uploads\/2026\/02\/Jesus-Couverture-scaled.jpg","datePublished":"2026-02-26T11:03:22+00:00","dateModified":"2026-03-07T12:35:50+00:00","breadcrumb":{"@id":"https:\/\/boutique.editions-mandron.com\/index.php\/produit\/jesus-mon-ami-je-lui-parle-il-me-parle\/#breadcrumb"},"inLanguage":"fr-FR","potentialAction":[{"@type":"ReadAction","target":["https:\/\/boutique.editions-mandron.com\/index.php\/produit\/jesus-mon-ami-je-lui-parle-il-me-parle\/"]}]},{"@type":"ImageObject","inLanguage":"fr-FR","@id":"https:\/\/boutique.editions-mandron.com\/index.php\/produit\/jesus-mon-ami-je-lui-parle-il-me-parle\/#primaryimage","url":"https:\/\/boutique.editions-mandron.com\/wp-content\/uploads\/2026\/02\/Jesus-Couverture-scaled.jpg","contentUrl":"https:\/\/boutique.editions-mandron.com\/wp-content\/uploads\/2026\/02\/Jesus-Couverture-scaled.jpg","width":2316,"height":2560},{"@type":"BreadcrumbList","@id":"https:\/\/boutique.editions-mandron.com\/index.php\/produit\/jesus-mon-ami-je-lui-parle-il-me-parle\/#breadcrumb","itemListElement":[{"@type":"ListItem","position":1,"name":"Accueil","item":"https:\/\/boutique.editions-mandron.com\/"},{"@type":"ListItem","position":2,"name":"Boutique","item":"https:\/\/boutique.editions-mandron.com\/"},{"@type":"ListItem","position":3,"name":"J\u00e9sus, mon Ami ; je Lui parle, Il me parle"}]},{"@type":"WebSite","@id":"https:\/\/boutique.editions-mandron.com\/#website","url":"https:\/\/boutique.editions-mandron.com\/","name":"EDITIONS CONSEILS MANDRON","description":"Boutique en ligne","potentialAction":[{"@type":"SearchAction","target":{"@type":"EntryPoint","urlTemplate":"https:\/\/boutique.editions-mandron.com\/?s={search_term_string}"},"query-input":{"@type":"PropertyValueSpecification","valueRequired":true,"valueName":"search_term_string"}}],"inLanguage":"fr-FR"}]}},"jetpack_sharing_enabled":true,"_links":{"self":[{"href":"https:\/\/boutique.editions-mandron.com\/index.php\/wp-json\/wp\/v2\/product\/156","targetHints":{"allow":["GET"]}}],"collection":[{"href":"https:\/\/boutique.editions-mandron.com\/index.php\/wp-json\/wp\/v2\/product"}],"about":[{"href":"https:\/\/boutique.editions-mandron.com\/index.php\/wp-json\/wp\/v2\/types\/product"}],"wp:featuredmedia":[{"embeddable":true,"href":"https:\/\/boutique.editions-mandron.com\/index.php\/wp-json\/wp\/v2\/media\/157"}],"wp:attachment":[{"href":"https:\/\/boutique.editions-mandron.com\/index.php\/wp-json\/wp\/v2\/media?parent=156"}],"wp:term":[{"taxonomy":"product_brand","embeddable":true,"href":"https:\/\/boutique.editions-mandron.com\/index.php\/wp-json\/wp\/v2\/product_brand?post=156"},{"taxonomy":"product_cat","embeddable":true,"href":"https:\/\/boutique.editions-mandron.com\/index.php\/wp-json\/wp\/v2\/product_cat?post=156"},{"taxonomy":"product_tag","embeddable":true,"href":"https:\/\/boutique.editions-mandron.com\/index.php\/wp-json\/wp\/v2\/product_tag?post=156"}],"curies":[{"name":"wp","href":"https:\/\/api.w.org\/{rel}","templated":true}]}}