{"id":32,"date":"2024-02-01T20:10:07","date_gmt":"2024-02-01T19:10:07","guid":{"rendered":"https:\/\/boutique.editions-mandron.com\/?post_type=product&#038;p=32"},"modified":"2024-02-04T16:27:07","modified_gmt":"2024-02-04T15:27:07","slug":"prier-le-notre-pere-le-je-vous-salue-marie-le-gloire-au-pere-a-la-lumiere-de-la-bible-du-pere-michel-baute","status":"publish","type":"product","link":"https:\/\/boutique.editions-mandron.com\/index.php\/produit\/prier-le-notre-pere-le-je-vous-salue-marie-le-gloire-au-pere-a-la-lumiere-de-la-bible-du-pere-michel-baute\/","title":{"rendered":"PRIER  LE \u00ab\u00a0NOTRE PERE\u00a0\u00bb LE \u00ab\u00a0JE VOUS SALUE MARIE\u00a0\u00bb LE \u00ab\u00a0GLOIRE AU PERE&#8230;\u00a0\u00bb A LA LUMIERE DE LA BIBLE du P\u00e8re Michel Baute"},"content":{"rendered":"<p>Une cat\u00e9ch\u00e8se \u00ab\u00a0pour vivre et prier autrement le Chapelet\u00a0\u00bb, en lien avec les Myst\u00e8res du Rosaire, afin de comprendre et de prendre conscience du sens et de l\u2019essence m\u00eame de chaque pri\u00e8re, de les prier autrement, d\u2019une fa\u00e7on d\u00e9velopp\u00e9e, enrichissante, unique et originale, accessible \u00e0 tous. Ce livre nous renvoie \u00e0 la base : la Parole de Dieu.<\/p>\n<p>\u00ab\u00a0Lorsque vous priez, ne rab\u00e2chez pas\u2026\u00a0\u00bb.<\/p>\n<p>P\u00e8re Michel Baute r\u00e9cite r\u00e9guli\u00e8rement la pri\u00e8re quotidienne du Chapelet \u00e0 la Grotte de Lourdes \u00e0 15 h 30, transmise en direct sur les cha\u00eenes TV Lourdes du Sanctuaire, KTO, Radio Notre-Dame, RCF\u2026, suivie d\u2019une cat\u00e9ch\u00e8se \u00e0 16 heures par le m\u00eame pr\u00eatre, toute la saison.<\/p>\n","protected":false},"excerpt":{"rendered":"<p>Une cat\u00e9ch\u00e8se \u00ab\u00a0pour vivre et prier autrement le Chapelet\u00a0\u00bb, en lien avec les Myst\u00e8res du Rosaire, afin de comprendre et de prendre conscience du sens et de l\u2019essence m\u00eame de chaque pri\u00e8re, de les prier autrement, d\u2019une fa\u00e7on d\u00e9velopp\u00e9e, enrichissante, unique et originale, accessible \u00e0 tous. Ce livre nous renvoie \u00e0 la base : la [&hellip;]<\/p>\n","protected":false},"featured_media":33,"template":"","meta":{"ocean_post_layout":"","ocean_both_sidebars_style":"","ocean_both_sidebars_content_width":0,"ocean_both_sidebars_sidebars_width":0,"ocean_sidebar":"0","ocean_second_sidebar":"0","ocean_disable_margins":"enable","ocean_add_body_class":"","ocean_shortcode_before_top_bar":"","ocean_shortcode_after_top_bar":"","ocean_shortcode_before_header":"","ocean_shortcode_after_header":"","ocean_has_shortcode":"","ocean_shortcode_after_title":"","ocean_shortcode_before_footer_widgets":"","ocean_shortcode_after_footer_widgets":"","ocean_shortcode_before_footer_bottom":"","ocean_shortcode_after_footer_bottom":"","ocean_display_top_bar":"default","ocean_display_header":"default","ocean_header_style":"","ocean_center_header_left_menu":"0","ocean_custom_header_template":"0","ocean_custom_logo":0,"ocean_custom_retina_logo":0,"ocean_custom_logo_max_width":0,"ocean_custom_logo_tablet_max_width":0,"ocean_custom_logo_mobile_max_width":0,"ocean_custom_logo_max_height":0,"ocean_custom_logo_tablet_max_height":0,"ocean_custom_logo_mobile_max_height":0,"ocean_header_custom_menu":"0","ocean_menu_typo_font_family":"0","ocean_menu_typo_font_subset":"","ocean_menu_typo_font_size":0,"ocean_menu_typo_font_size_tablet":0,"ocean_menu_typo_font_size_mobile":0,"ocean_menu_typo_font_size_unit":"px","ocean_menu_typo_font_weight":"","ocean_menu_typo_font_weight_tablet":"","ocean_menu_typo_font_weight_mobile":"","ocean_menu_typo_transform":"","ocean_menu_typo_transform_tablet":"","ocean_menu_typo_transform_mobile":"","ocean_menu_typo_line_height":0,"ocean_menu_typo_line_height_tablet":0,"ocean_menu_typo_line_height_mobile":0,"ocean_menu_typo_line_height_unit":"","ocean_menu_typo_spacing":0,"ocean_menu_typo_spacing_tablet":0,"ocean_menu_typo_spacing_mobile":0,"ocean_menu_typo_spacing_unit":"","ocean_menu_link_color":"","ocean_menu_link_color_hover":"","ocean_menu_link_color_active":"","ocean_menu_link_background":"","ocean_menu_link_hover_background":"","ocean_menu_link_active_background":"","ocean_menu_social_links_bg":"","ocean_menu_social_hover_links_bg":"","ocean_menu_social_links_color":"","ocean_menu_social_hover_links_color":"","ocean_disable_title":"default","ocean_disable_heading":"default","ocean_post_title":"","ocean_post_subheading":"","ocean_post_title_style":"","ocean_post_title_background_color":"","ocean_post_title_background":0,"ocean_post_title_bg_image_position":"","ocean_post_title_bg_image_attachment":"","ocean_post_title_bg_image_repeat":"","ocean_post_title_bg_image_size":"","ocean_post_title_height":0,"ocean_post_title_bg_overlay":0.5,"ocean_post_title_bg_overlay_color":"","ocean_disable_breadcrumbs":"default","ocean_breadcrumbs_color":"","ocean_breadcrumbs_separator_color":"","ocean_breadcrumbs_links_color":"","ocean_breadcrumbs_links_hover_color":"","ocean_display_footer_widgets":"default","ocean_display_footer_bottom":"default","ocean_custom_footer_template":"0"},"product_brand":[],"product_cat":[18,15,22],"product_tag":[],"class_list":{"0":"post-32","1":"product","2":"type-product","3":"status-publish","4":"has-post-thumbnail","6":"product_cat-litterature-religieuse","7":"product_cat-non-classe","8":"product_cat-pere-michel-baute","10":"entry","11":"has-media","13":"first","14":"instock","15":"taxable","16":"shipping-taxable","17":"purchasable","18":"product-type-simple","19":"has-product-nav","20":"col","21":"span_1_of_4","22":"owp-content-center","23":"owp-thumbs-layout-horizontal","24":"owp-btn-normal","25":"owp-tabs-layout-horizontal","26":"has-no-thumbnails"},"yoast_head":"<!-- This site is optimized with the Yoast SEO plugin v27.3 - https:\/\/yoast.com\/product\/yoast-seo-wordpress\/ -->\n<title>PRIER LE &quot;NOTRE PERE&quot; LE &quot;JE VOUS SALUE MARIE&quot; LE &quot;GLOIRE AU PERE...&quot; A LA LUMIERE DE LA BIBLE du P\u00e8re Michel Baute - EDITIONS CONSEILS MANDRON<\/title>\n<meta name=\"robots\" content=\"index, follow, max-snippet:-1, max-image-preview:large, max-video-preview:-1\" \/>\n<link rel=\"canonical\" href=\"https:\/\/boutique.editions-mandron.com\/index.php\/produit\/prier-le-notre-pere-le-je-vous-salue-marie-le-gloire-au-pere-a-la-lumiere-de-la-bible-du-pere-michel-baute\/\" \/>\n<meta property=\"og:locale\" content=\"fr_FR\" \/>\n<meta property=\"og:type\" content=\"article\" \/>\n<meta property=\"og:title\" content=\"PRIER LE &quot;NOTRE PERE&quot; LE &quot;JE VOUS SALUE MARIE&quot; LE &quot;GLOIRE AU PERE...&quot; A LA LUMIERE DE LA BIBLE du P\u00e8re Michel Baute - EDITIONS CONSEILS MANDRON\" \/>\n<meta property=\"og:description\" content=\"Une cat\u00e9ch\u00e8se \u00ab\u00a0pour vivre et prier autrement le Chapelet\u00a0\u00bb, en lien avec les Myst\u00e8res du Rosaire, afin de comprendre et de prendre conscience du sens et de l\u2019essence m\u00eame de chaque pri\u00e8re, de les prier autrement, d\u2019une fa\u00e7on d\u00e9velopp\u00e9e, enrichissante, unique et originale, accessible \u00e0 tous. Ce livre nous renvoie \u00e0 la base : la [&hellip;]\" \/>\n<meta property=\"og:url\" content=\"https:\/\/boutique.editions-mandron.com\/index.php\/produit\/prier-le-notre-pere-le-je-vous-salue-marie-le-gloire-au-pere-a-la-lumiere-de-la-bible-du-pere-michel-baute\/\" \/>\n<meta property=\"og:site_name\" content=\"EDITIONS CONSEILS MANDRON\" \/>\n<meta property=\"article:modified_time\" content=\"2024-02-04T15:27:07+00:00\" \/>\n<meta property=\"og:image\" content=\"https:\/\/boutique.editions-mandron.com\/wp-content\/uploads\/2024\/02\/couverture-couleur-prier-chapelet-jpg-1.jpg\" \/>\n\t<meta property=\"og:image:width\" content=\"286\" \/>\n\t<meta property=\"og:image:height\" content=\"400\" \/>\n\t<meta property=\"og:image:type\" content=\"image\/jpeg\" \/>\n<meta name=\"twitter:card\" content=\"summary_large_image\" \/>\n<meta name=\"twitter:label1\" content=\"Dur\u00e9e de lecture estim\u00e9e\" \/>\n\t<meta name=\"twitter:data1\" content=\"1 minute\" \/>\n<script type=\"application\/ld+json\" class=\"yoast-schema-graph\">{\"@context\":\"https:\\\/\\\/schema.org\",\"@graph\":[{\"@type\":\"WebPage\",\"@id\":\"https:\\\/\\\/boutique.editions-mandron.com\\\/index.php\\\/produit\\\/prier-le-notre-pere-le-je-vous-salue-marie-le-gloire-au-pere-a-la-lumiere-de-la-bible-du-pere-michel-baute\\\/\",\"url\":\"https:\\\/\\\/boutique.editions-mandron.com\\\/index.php\\\/produit\\\/prier-le-notre-pere-le-je-vous-salue-marie-le-gloire-au-pere-a-la-lumiere-de-la-bible-du-pere-michel-baute\\\/\",\"name\":\"PRIER LE \\\"NOTRE PERE\\\" LE \\\"JE VOUS SALUE MARIE\\\" LE \\\"GLOIRE AU PERE...\\\" A LA LUMIERE DE LA BIBLE du P\u00e8re Michel Baute - EDITIONS CONSEILS MANDRON\",\"isPartOf\":{\"@id\":\"https:\\\/\\\/boutique.editions-mandron.com\\\/#website\"},\"primaryImageOfPage\":{\"@id\":\"https:\\\/\\\/boutique.editions-mandron.com\\\/index.php\\\/produit\\\/prier-le-notre-pere-le-je-vous-salue-marie-le-gloire-au-pere-a-la-lumiere-de-la-bible-du-pere-michel-baute\\\/#primaryimage\"},\"image\":{\"@id\":\"https:\\\/\\\/boutique.editions-mandron.com\\\/index.php\\\/produit\\\/prier-le-notre-pere-le-je-vous-salue-marie-le-gloire-au-pere-a-la-lumiere-de-la-bible-du-pere-michel-baute\\\/#primaryimage\"},\"thumbnailUrl\":\"https:\\\/\\\/boutique.editions-mandron.com\\\/wp-content\\\/uploads\\\/2024\\\/02\\\/couverture-couleur-prier-chapelet-jpg-1.jpg\",\"datePublished\":\"2024-02-01T19:10:07+00:00\",\"dateModified\":\"2024-02-04T15:27:07+00:00\",\"breadcrumb\":{\"@id\":\"https:\\\/\\\/boutique.editions-mandron.com\\\/index.php\\\/produit\\\/prier-le-notre-pere-le-je-vous-salue-marie-le-gloire-au-pere-a-la-lumiere-de-la-bible-du-pere-michel-baute\\\/#breadcrumb\"},\"inLanguage\":\"fr-FR\",\"potentialAction\":[{\"@type\":\"ReadAction\",\"target\":[\"https:\\\/\\\/boutique.editions-mandron.com\\\/index.php\\\/produit\\\/prier-le-notre-pere-le-je-vous-salue-marie-le-gloire-au-pere-a-la-lumiere-de-la-bible-du-pere-michel-baute\\\/\"]}]},{\"@type\":\"ImageObject\",\"inLanguage\":\"fr-FR\",\"@id\":\"https:\\\/\\\/boutique.editions-mandron.com\\\/index.php\\\/produit\\\/prier-le-notre-pere-le-je-vous-salue-marie-le-gloire-au-pere-a-la-lumiere-de-la-bible-du-pere-michel-baute\\\/#primaryimage\",\"url\":\"https:\\\/\\\/boutique.editions-mandron.com\\\/wp-content\\\/uploads\\\/2024\\\/02\\\/couverture-couleur-prier-chapelet-jpg-1.jpg\",\"contentUrl\":\"https:\\\/\\\/boutique.editions-mandron.com\\\/wp-content\\\/uploads\\\/2024\\\/02\\\/couverture-couleur-prier-chapelet-jpg-1.jpg\",\"width\":286,\"height\":400},{\"@type\":\"BreadcrumbList\",\"@id\":\"https:\\\/\\\/boutique.editions-mandron.com\\\/index.php\\\/produit\\\/prier-le-notre-pere-le-je-vous-salue-marie-le-gloire-au-pere-a-la-lumiere-de-la-bible-du-pere-michel-baute\\\/#breadcrumb\",\"itemListElement\":[{\"@type\":\"ListItem\",\"position\":1,\"name\":\"Accueil\",\"item\":\"https:\\\/\\\/boutique.editions-mandron.com\\\/\"},{\"@type\":\"ListItem\",\"position\":2,\"name\":\"Boutique\",\"item\":\"https:\\\/\\\/boutique.editions-mandron.com\\\/\"},{\"@type\":\"ListItem\",\"position\":3,\"name\":\"PRIER LE \u00ab\u00a0NOTRE PERE\u00a0\u00bb LE \u00ab\u00a0JE VOUS SALUE MARIE\u00a0\u00bb LE \u00ab\u00a0GLOIRE AU PERE&#8230;\u00a0\u00bb A LA LUMIERE DE LA BIBLE du P\u00e8re Michel Baute\"}]},{\"@type\":\"WebSite\",\"@id\":\"https:\\\/\\\/boutique.editions-mandron.com\\\/#website\",\"url\":\"https:\\\/\\\/boutique.editions-mandron.com\\\/\",\"name\":\"EDITIONS CONSEILS MANDRON\",\"description\":\"Boutique en ligne\",\"potentialAction\":[{\"@type\":\"SearchAction\",\"target\":{\"@type\":\"EntryPoint\",\"urlTemplate\":\"https:\\\/\\\/boutique.editions-mandron.com\\\/?s={search_term_string}\"},\"query-input\":{\"@type\":\"PropertyValueSpecification\",\"valueRequired\":true,\"valueName\":\"search_term_string\"}}],\"inLanguage\":\"fr-FR\"}]}<\/script>\n<!-- \/ Yoast SEO plugin. -->","yoast_head_json":{"title":"PRIER LE \"NOTRE PERE\" LE \"JE VOUS SALUE MARIE\" LE \"GLOIRE AU PERE...\" A LA LUMIERE DE LA BIBLE du P\u00e8re Michel Baute - EDITIONS CONSEILS MANDRON","robots":{"index":"index","follow":"follow","max-snippet":"max-snippet:-1","max-image-preview":"max-image-preview:large","max-video-preview":"max-video-preview:-1"},"canonical":"https:\/\/boutique.editions-mandron.com\/index.php\/produit\/prier-le-notre-pere-le-je-vous-salue-marie-le-gloire-au-pere-a-la-lumiere-de-la-bible-du-pere-michel-baute\/","og_locale":"fr_FR","og_type":"article","og_title":"PRIER LE \"NOTRE PERE\" LE \"JE VOUS SALUE MARIE\" LE \"GLOIRE AU PERE...\" A LA LUMIERE DE LA BIBLE du P\u00e8re Michel Baute - EDITIONS CONSEILS MANDRON","og_description":"Une cat\u00e9ch\u00e8se \u00ab\u00a0pour vivre et prier autrement le Chapelet\u00a0\u00bb, en lien avec les Myst\u00e8res du Rosaire, afin de comprendre et de prendre conscience du sens et de l\u2019essence m\u00eame de chaque pri\u00e8re, de les prier autrement, d\u2019une fa\u00e7on d\u00e9velopp\u00e9e, enrichissante, unique et originale, accessible \u00e0 tous. Ce livre nous renvoie \u00e0 la base : la [&hellip;]","og_url":"https:\/\/boutique.editions-mandron.com\/index.php\/produit\/prier-le-notre-pere-le-je-vous-salue-marie-le-gloire-au-pere-a-la-lumiere-de-la-bible-du-pere-michel-baute\/","og_site_name":"EDITIONS CONSEILS MANDRON","article_modified_time":"2024-02-04T15:27:07+00:00","og_image":[{"width":286,"height":400,"url":"https:\/\/boutique.editions-mandron.com\/wp-content\/uploads\/2024\/02\/couverture-couleur-prier-chapelet-jpg-1.jpg","type":"image\/jpeg"}],"twitter_card":"summary_large_image","twitter_misc":{"Dur\u00e9e de lecture estim\u00e9e":"1 minute"},"schema":{"@context":"https:\/\/schema.org","@graph":[{"@type":"WebPage","@id":"https:\/\/boutique.editions-mandron.com\/index.php\/produit\/prier-le-notre-pere-le-je-vous-salue-marie-le-gloire-au-pere-a-la-lumiere-de-la-bible-du-pere-michel-baute\/","url":"https:\/\/boutique.editions-mandron.com\/index.php\/produit\/prier-le-notre-pere-le-je-vous-salue-marie-le-gloire-au-pere-a-la-lumiere-de-la-bible-du-pere-michel-baute\/","name":"PRIER LE \"NOTRE PERE\" LE \"JE VOUS SALUE MARIE\" LE \"GLOIRE AU PERE...\" A LA LUMIERE DE LA BIBLE du P\u00e8re Michel Baute - EDITIONS CONSEILS MANDRON","isPartOf":{"@id":"https:\/\/boutique.editions-mandron.com\/#website"},"primaryImageOfPage":{"@id":"https:\/\/boutique.editions-mandron.com\/index.php\/produit\/prier-le-notre-pere-le-je-vous-salue-marie-le-gloire-au-pere-a-la-lumiere-de-la-bible-du-pere-michel-baute\/#primaryimage"},"image":{"@id":"https:\/\/boutique.editions-mandron.com\/index.php\/produit\/prier-le-notre-pere-le-je-vous-salue-marie-le-gloire-au-pere-a-la-lumiere-de-la-bible-du-pere-michel-baute\/#primaryimage"},"thumbnailUrl":"https:\/\/boutique.editions-mandron.com\/wp-content\/uploads\/2024\/02\/couverture-couleur-prier-chapelet-jpg-1.jpg","datePublished":"2024-02-01T19:10:07+00:00","dateModified":"2024-02-04T15:27:07+00:00","breadcrumb":{"@id":"https:\/\/boutique.editions-mandron.com\/index.php\/produit\/prier-le-notre-pere-le-je-vous-salue-marie-le-gloire-au-pere-a-la-lumiere-de-la-bible-du-pere-michel-baute\/#breadcrumb"},"inLanguage":"fr-FR","potentialAction":[{"@type":"ReadAction","target":["https:\/\/boutique.editions-mandron.com\/index.php\/produit\/prier-le-notre-pere-le-je-vous-salue-marie-le-gloire-au-pere-a-la-lumiere-de-la-bible-du-pere-michel-baute\/"]}]},{"@type":"ImageObject","inLanguage":"fr-FR","@id":"https:\/\/boutique.editions-mandron.com\/index.php\/produit\/prier-le-notre-pere-le-je-vous-salue-marie-le-gloire-au-pere-a-la-lumiere-de-la-bible-du-pere-michel-baute\/#primaryimage","url":"https:\/\/boutique.editions-mandron.com\/wp-content\/uploads\/2024\/02\/couverture-couleur-prier-chapelet-jpg-1.jpg","contentUrl":"https:\/\/boutique.editions-mandron.com\/wp-content\/uploads\/2024\/02\/couverture-couleur-prier-chapelet-jpg-1.jpg","width":286,"height":400},{"@type":"BreadcrumbList","@id":"https:\/\/boutique.editions-mandron.com\/index.php\/produit\/prier-le-notre-pere-le-je-vous-salue-marie-le-gloire-au-pere-a-la-lumiere-de-la-bible-du-pere-michel-baute\/#breadcrumb","itemListElement":[{"@type":"ListItem","position":1,"name":"Accueil","item":"https:\/\/boutique.editions-mandron.com\/"},{"@type":"ListItem","position":2,"name":"Boutique","item":"https:\/\/boutique.editions-mandron.com\/"},{"@type":"ListItem","position":3,"name":"PRIER LE \u00ab\u00a0NOTRE PERE\u00a0\u00bb LE \u00ab\u00a0JE VOUS SALUE MARIE\u00a0\u00bb LE \u00ab\u00a0GLOIRE AU PERE&#8230;\u00a0\u00bb A LA LUMIERE DE LA BIBLE du P\u00e8re Michel Baute"}]},{"@type":"WebSite","@id":"https:\/\/boutique.editions-mandron.com\/#website","url":"https:\/\/boutique.editions-mandron.com\/","name":"EDITIONS CONSEILS MANDRON","description":"Boutique en ligne","potentialAction":[{"@type":"SearchAction","target":{"@type":"EntryPoint","urlTemplate":"https:\/\/boutique.editions-mandron.com\/?s={search_term_string}"},"query-input":{"@type":"PropertyValueSpecification","valueRequired":true,"valueName":"search_term_string"}}],"inLanguage":"fr-FR"}]}},"jetpack_sharing_enabled":true,"_links":{"self":[{"href":"https:\/\/boutique.editions-mandron.com\/index.php\/wp-json\/wp\/v2\/product\/32","targetHints":{"allow":["GET"]}}],"collection":[{"href":"https:\/\/boutique.editions-mandron.com\/index.php\/wp-json\/wp\/v2\/product"}],"about":[{"href":"https:\/\/boutique.editions-mandron.com\/index.php\/wp-json\/wp\/v2\/types\/product"}],"wp:featuredmedia":[{"embeddable":true,"href":"https:\/\/boutique.editions-mandron.com\/index.php\/wp-json\/wp\/v2\/media\/33"}],"wp:attachment":[{"href":"https:\/\/boutique.editions-mandron.com\/index.php\/wp-json\/wp\/v2\/media?parent=32"}],"wp:term":[{"taxonomy":"product_brand","embeddable":true,"href":"https:\/\/boutique.editions-mandron.com\/index.php\/wp-json\/wp\/v2\/product_brand?post=32"},{"taxonomy":"product_cat","embeddable":true,"href":"https:\/\/boutique.editions-mandron.com\/index.php\/wp-json\/wp\/v2\/product_cat?post=32"},{"taxonomy":"product_tag","embeddable":true,"href":"https:\/\/boutique.editions-mandron.com\/index.php\/wp-json\/wp\/v2\/product_tag?post=32"}],"curies":[{"name":"wp","href":"https:\/\/api.w.org\/{rel}","templated":true}]}}